{"id":3960,"date":"2023-01-16T14:39:54","date_gmt":"2023-01-16T14:39:54","guid":{"rendered":"https:\/\/www.janssen-rootstocks.nl\/?page_id=3960"},"modified":"2023-05-01T13:27:58","modified_gmt":"2023-05-01T13:27:58","slug":"ueber-uns","status":"publish","type":"page","link":"https:\/\/www.janssen-rootstocks.nl\/de\/ueber-uns\/","title":{"rendered":"\u00dcber uns"},"content":{"rendered":"<div id='layer_slider_1'  class='avia-layerslider main_color avia-shadow  avia-builder-el-0  el_before_av_section  avia-builder-el-first  container_wrap sidebar_right'  style='height: 799px;'  ><\/div>\n<div id='av_section_1'  class='avia-section av-fxrxr7-7eed158cd73d191e949405a9d6ddd0ed main_color avia-section-default avia-no-border-styling  avia-builder-el-1  el_after_av_layerslider  avia-builder-el-last  ambmaincontent overons avia-bg-style-scroll container_wrap sidebar_right'  ><div class='container av-section-cont-open' ><div class='template-page content  av-content-small alpha units'><div class='post-entry post-entry-type-page post-entry-3960'><div class='entry-content-wrapper clearfix'>\n\n<style type=\"text\/css\" data-created_by=\"avia_inline_auto\" id=\"style-css-av-el3bmb-9efb0b71a26f7201fa16f6a9e272674c\">\n#top .av-special-heading.av-el3bmb-9efb0b71a26f7201fa16f6a9e272674c{\npadding-bottom:10px;\n}\nbody .av-special-heading.av-el3bmb-9efb0b71a26f7201fa16f6a9e272674c .av-special-heading-tag .heading-char{\nfont-size:25px;\n}\n.av-special-heading.av-el3bmb-9efb0b71a26f7201fa16f6a9e272674c .av-subheading{\nfont-size:15px;\n}\n<\/style>\n<div  class='av-special-heading av-el3bmb-9efb0b71a26f7201fa16f6a9e272674c av-special-heading-h1 blockquote modern-quote  avia-builder-el-2  el_before_av_one_full  avia-builder-el-first  ambtitlewhite'><h1 class='av-special-heading-tag'  itemprop=\"headline\"  >Seit 100 Jahren ein Familienunternehmen<\/h1><div class=\"special-heading-border\"><div class=\"special-heading-inner-border\"><\/div><\/div><\/div>\n<div class='flex_column av-69xv03-39b20b2cc33190ddb7969ba6bf5a9391 av_one_full  avia-builder-el-3  el_after_av_heading  el_before_av_hr  first flex_column_div '     ><\/div>\n<style type=\"text\/css\" data-created_by=\"avia_inline_auto\" id=\"style-css-av-ld37tsf9-173b60ad3469c7579d532647697c231f\">\n#top .hr.hr-invisible.av-ld37tsf9-173b60ad3469c7579d532647697c231f{\nheight:20px;\n}\n<\/style>\n<div  class='hr av-ld37tsf9-173b60ad3469c7579d532647697c231f hr-invisible  avia-builder-el-5  el_after_av_one_full  el_before_av_textblock '><span class='hr-inner '><span class=\"hr-inner-style\"><\/span><\/span><\/div>\n<section  class='av_textblock_section av-2oaib7-ba7126fc1280d398fbec7aceca9d1ab1'  itemscope=\"itemscope\" itemtype=\"https:\/\/schema.org\/CreativeWork\" ><div class='avia_textblock'  itemprop=\"text\" ><p>Seit der Gr\u00fcndung 1923 hat sich Gebr. Janssen b.v. zu einer renommierten Baumschule mit einer 100-j\u00e4hrigen Unternehmensgeschichte entwickelt. Die erste Generation der Familie Janssen hat ein zukunftstr\u00e4chtiges Unternehmen gegr\u00fcndet!<\/p>\n<p>Die zweite Generation der Familie Janssen hat sich ausschlie\u00dflich auf die Zucht von Obstbaum-Unterlagen verlegt und seit 1976 zum Alleinstellungsmerkmal des Unternehmens ausgebaut. Diese Generation hat au\u00dferdem daf\u00fcr gesorgt, dass die Unterlagen europa- und weltweit Abnehmer finden.<\/p>\n<p>Die heutige Generation der Familie Janssen konzentriert sich vor allem auf die Weiterentwicklung von Neuheiten, Untersuchungen zur optimalen Vermehrung neuer, hochwertiger Obstbaum-Unterlagen und den Erwerb von Lizenzrechten. Die Partner von Janssen sind in Europa und in aller Welt zu finden.<\/p>\n<\/div><\/section>\n<div class='flex_column av-2jhyw3-87291d5c310e849328a11bd011692c0d av_one_fourth  avia-builder-el-7  el_after_av_textblock  el_before_av_three_fourth  first flex_column_div column-top-margin'     ><style type=\"text\/css\" data-created_by=\"avia_inline_auto\" id=\"style-css-av-ld3804dj-9dc1f021c4902420ab6716598d61ad89\">\n.avia-image-container.av-ld3804dj-9dc1f021c4902420ab6716598d61ad89 img.avia_image{\nbox-shadow:none;\n}\n.avia-image-container.av-ld3804dj-9dc1f021c4902420ab6716598d61ad89 .av-image-caption-overlay-center{\ncolor:#ffffff;\n}\n<\/style>\n<div  class='avia-image-container av-ld3804dj-9dc1f021c4902420ab6716598d61ad89 av-styling- avia-align-center  avia-builder-el-8  avia-builder-el-no-sibling '   itemprop=\"image\" itemscope=\"itemscope\" itemtype=\"https:\/\/schema.org\/ImageObject\" ><div class=\"avia-image-container-inner\"><div class=\"avia-image-overlay-wrap\"><img decoding=\"async\" class='wp-image-3565 avia-img-lazy-loading-not-3565 avia_image ' src=\"https:\/\/www.janssen-rootstocks.nl\/wp-content\/uploads\/2023\/01\/ooicon1.png\" alt='' title='ooicon1'  height=\"197\" width=\"198\"  itemprop=\"thumbnailUrl\" srcset=\"https:\/\/www.janssen-rootstocks.nl\/wp-content\/uploads\/2023\/01\/ooicon1.png 198w, https:\/\/www.janssen-rootstocks.nl\/wp-content\/uploads\/2023\/01\/ooicon1-80x80.png 80w, https:\/\/www.janssen-rootstocks.nl\/wp-content\/uploads\/2023\/01\/ooicon1-36x36.png 36w, https:\/\/www.janssen-rootstocks.nl\/wp-content\/uploads\/2023\/01\/ooicon1-180x180.png 180w\" sizes=\"(max-width: 198px) 100vw, 198px\" \/><\/div><\/div><\/div><\/div><div class='flex_column av-4ty2qr-94029ea850e01b9486dd81315b45f2c7 av_three_fourth  avia-builder-el-9  el_after_av_one_fourth  el_before_av_one_fourth  flex_column_div column-top-margin'     ><section  class='av_textblock_section av-ld37wz3l-8e99a1dece9296c45c7134bc2e58d268'  itemscope=\"itemscope\" itemtype=\"https:\/\/schema.org\/CreativeWork\" ><div class='avia_textblock ambpno'  itemprop=\"text\" ><p><strong>REICHE WURZELN IN FRUCHTBAREM BODEN<br \/>\n<\/strong>Die Entscheidung, sich auf Obstbaum-Unterlagen zu spezialisieren, war kein Zufall. Die Anbaugebiete des Unternehmens befinden sich im S\u00fcdosten der Niederlande, der dank jahrhundertelanger nat\u00fcrlicher Kompostierung eine Bodenstruktur aufweist, die ideal f\u00fcr optimales Wachstum und reichhaltige Bewurzelung von Unterlagen ist. Das ist eine gute Basis f\u00fcr ein fruchtbares Ergebnis.<\/p>\n<\/div><\/section><\/div><div class='flex_column av-8xcser-fbba2e62a29de0fc2f8279c374d2f31b av_one_fourth  avia-builder-el-11  el_after_av_three_fourth  el_before_av_three_fourth  first flex_column_div column-top-margin'     ><style type=\"text\/css\" data-created_by=\"avia_inline_auto\" id=\"style-css-av-ld388mki-b1bb61e70dd76e5c7458d4a0c1475228\">\n.avia-image-container.av-ld388mki-b1bb61e70dd76e5c7458d4a0c1475228 img.avia_image{\nbox-shadow:none;\n}\n.avia-image-container.av-ld388mki-b1bb61e70dd76e5c7458d4a0c1475228 .av-image-caption-overlay-center{\ncolor:#ffffff;\n}\n<\/style>\n<div  class='avia-image-container av-ld388mki-b1bb61e70dd76e5c7458d4a0c1475228 av-styling- avia-align-center  avia-builder-el-12  avia-builder-el-no-sibling '   itemprop=\"image\" itemscope=\"itemscope\" itemtype=\"https:\/\/schema.org\/ImageObject\" ><div class=\"avia-image-container-inner\"><div class=\"avia-image-overlay-wrap\"><img decoding=\"async\" class='wp-image-3569 avia-img-lazy-loading-not-3569 avia_image ' src=\"https:\/\/www.janssen-rootstocks.nl\/wp-content\/uploads\/2023\/01\/ooicon2.png\" alt='' title='ooicon2'  height=\"198\" width=\"198\"  itemprop=\"thumbnailUrl\" srcset=\"https:\/\/www.janssen-rootstocks.nl\/wp-content\/uploads\/2023\/01\/ooicon2.png 198w, https:\/\/www.janssen-rootstocks.nl\/wp-content\/uploads\/2023\/01\/ooicon2-80x80.png 80w, https:\/\/www.janssen-rootstocks.nl\/wp-content\/uploads\/2023\/01\/ooicon2-36x36.png 36w, https:\/\/www.janssen-rootstocks.nl\/wp-content\/uploads\/2023\/01\/ooicon2-180x180.png 180w\" sizes=\"(max-width: 198px) 100vw, 198px\" \/><\/div><\/div><\/div><\/div><div class='flex_column av-agebab-8db447f435f839cd7acbf0a2318dd458 av_three_fourth  avia-builder-el-13  el_after_av_one_fourth  el_before_av_one_fourth  flex_column_div column-top-margin'     ><section  class='av_textblock_section av-ld3875u7-37b6300295f9ecf389666c9b532154a0'  itemscope=\"itemscope\" itemtype=\"https:\/\/schema.org\/CreativeWork\" ><div class='avia_textblock ambpno'  itemprop=\"text\" ><p><strong>NEUESTE VERFAHREN<br \/>\n<\/strong>Im Unternehmen arbeitet ein Team aus qualifizierten Mitarbeitern und Mitarbeiterinnen, die die Mutterbeete pflegen und versorgen, damit die Unterlagen optimal wachsen k\u00f6nnen. Au\u00dferdem k\u00fcmmern sie sich um Roden, Sortieren, Sp\u00fclen, Verpackung und Versand. Dabei kommen moderne Maschinen und die neuesten Verfahren zum Einsatz. Die computergesteuerte Sortiermaschine kann auf 0,1 mm genau sortieren, sodass Gebr. Janssen einheitliche Parteien liefern kann.<\/p>\n<\/div><\/section><\/div><div class='flex_column av-5mw66b-292bfd6d8ef71319d124627561884d55 av_one_fourth  avia-builder-el-15  el_after_av_three_fourth  el_before_av_three_fourth  first flex_column_div column-top-margin'     ><style type=\"text\/css\" data-created_by=\"avia_inline_auto\" id=\"style-css-av-ld3890pb-23707f61a03263834e07f32e78b422a6\">\n.avia-image-container.av-ld3890pb-23707f61a03263834e07f32e78b422a6 img.avia_image{\nbox-shadow:none;\n}\n.avia-image-container.av-ld3890pb-23707f61a03263834e07f32e78b422a6 .av-image-caption-overlay-center{\ncolor:#ffffff;\n}\n<\/style>\n<div  class='avia-image-container av-ld3890pb-23707f61a03263834e07f32e78b422a6 av-styling- avia-align-center  avia-builder-el-16  avia-builder-el-no-sibling '   itemprop=\"image\" itemscope=\"itemscope\" itemtype=\"https:\/\/schema.org\/ImageObject\" ><div class=\"avia-image-container-inner\"><div class=\"avia-image-overlay-wrap\"><img decoding=\"async\" class='wp-image-3573 avia-img-lazy-loading-not-3573 avia_image ' src=\"https:\/\/www.janssen-rootstocks.nl\/wp-content\/uploads\/2023\/01\/ooicon3.png\" alt='' title='ooicon3'  height=\"196\" width=\"198\"  itemprop=\"thumbnailUrl\" srcset=\"https:\/\/www.janssen-rootstocks.nl\/wp-content\/uploads\/2023\/01\/ooicon3.png 198w, https:\/\/www.janssen-rootstocks.nl\/wp-content\/uploads\/2023\/01\/ooicon3-80x80.png 80w, https:\/\/www.janssen-rootstocks.nl\/wp-content\/uploads\/2023\/01\/ooicon3-36x36.png 36w\" sizes=\"(max-width: 198px) 100vw, 198px\" \/><\/div><\/div><\/div><\/div><div class='flex_column av-2xydf-7ff4f3b5918931fd6f0792d7eb107eaf av_three_fourth  avia-builder-el-17  el_after_av_one_fourth  el_before_av_one_fourth  flex_column_div column-top-margin'     ><section  class='av_textblock_section av-ld387tz0-b388accc1c2ceefbf25e405a290bd80d'  itemscope=\"itemscope\" itemtype=\"https:\/\/schema.org\/CreativeWork\" ><div class='avia_textblock ambpno'  itemprop=\"text\" ><p><strong>GLOBALE MASSARBEIT<br \/>\n<\/strong>Die Unterlagen von Gebr. Janssen finden ihre Abnehmer in Obstbaumschulen auf der ganzen Welt. Saisonale Unterschiede werden dabei nat\u00fcrlich ber\u00fccksichtigt. Die K\u00fchlzellen mit exakter Klimasteuerung sorgen daf\u00fcr, dass das Unternehmen fr\u00fch oder sp\u00e4t in der Saison h\u00f6chste Qualit\u00e4t liefern kann.<\/p>\n<\/div><\/section><\/div><div class='flex_column av-2x5v83-e38fecb8553a0c89755715f27bc2d350 av_one_fourth  avia-builder-el-19  el_after_av_three_fourth  el_before_av_three_fourth  first flex_column_div column-top-margin'     ><style type=\"text\/css\" data-created_by=\"avia_inline_auto\" id=\"style-css-av-ld3899g6-4762c88f8b4882539b1952d47c24e7ab\">\n.avia-image-container.av-ld3899g6-4762c88f8b4882539b1952d47c24e7ab img.avia_image{\nbox-shadow:none;\n}\n.avia-image-container.av-ld3899g6-4762c88f8b4882539b1952d47c24e7ab .av-image-caption-overlay-center{\ncolor:#ffffff;\n}\n<\/style>\n<div  class='avia-image-container av-ld3899g6-4762c88f8b4882539b1952d47c24e7ab av-styling- avia-align-center  avia-builder-el-20  avia-builder-el-no-sibling '   itemprop=\"image\" itemscope=\"itemscope\" itemtype=\"https:\/\/schema.org\/ImageObject\" ><div class=\"avia-image-container-inner\"><div class=\"avia-image-overlay-wrap\"><img decoding=\"async\" class='wp-image-3577 avia-img-lazy-loading-not-3577 avia_image ' src=\"https:\/\/www.janssen-rootstocks.nl\/wp-content\/uploads\/2023\/01\/ooicon4.png\" alt='' title='ooicon4'  height=\"198\" width=\"198\"  itemprop=\"thumbnailUrl\" srcset=\"https:\/\/www.janssen-rootstocks.nl\/wp-content\/uploads\/2023\/01\/ooicon4.png 198w, https:\/\/www.janssen-rootstocks.nl\/wp-content\/uploads\/2023\/01\/ooicon4-80x80.png 80w, https:\/\/www.janssen-rootstocks.nl\/wp-content\/uploads\/2023\/01\/ooicon4-36x36.png 36w, https:\/\/www.janssen-rootstocks.nl\/wp-content\/uploads\/2023\/01\/ooicon4-180x180.png 180w\" sizes=\"(max-width: 198px) 100vw, 198px\" \/><\/div><\/div><\/div><\/div><div class='flex_column av-4oilpf-4d2047cbb24ed3a7ef8d571f4fb7f14b av_three_fourth  avia-builder-el-21  el_after_av_one_fourth  avia-builder-el-last  flex_column_div column-top-margin'     ><section  class='av_textblock_section av-ld3888r2-50c2c61a1ba1bd5e3780b18de3d11fd6'  itemscope=\"itemscope\" itemtype=\"https:\/\/schema.org\/CreativeWork\" ><div class='avia_textblock ambpno'  itemprop=\"text\" ><p><strong>GLEICHBLEIBEND HOHE QUALIT\u00c4T<\/strong><br \/>\nUm zu gew\u00e4hrleisten, dass die Unterlagen auch bei der Ankunft im selben optimalen Zustand sind, nutzt das Unternehmen \u00e4u\u00dferst sorgf\u00e4ltige Verpackungsverfahren. Entscheidend f\u00fcr die Verpackungsweise sind der Transport und die Anforderungen, die im jeweiligen Land gelten. Egal ob es sich um gro\u00dfe oder kleine Sorgen handelt \u2013 Gebr. Janssen \u00fcberl\u00e4sst nichts dem Zufall.<\/p>\n<\/div><\/section><\/div><\/div><\/div><\/div><!-- close content main div --><\/div><\/div><div id='after_section_1'  class='main_color av_default_container_wrap container_wrap sidebar_right'  ><div class='container av-section-cont-open' ><div class='template-page content  av-content-small alpha units'><div class='post-entry post-entry-type-page post-entry-3960'><div class='entry-content-wrapper clearfix'>\n","protected":false},"excerpt":{"rendered":"","protected":false},"author":1,"featured_media":0,"parent":0,"menu_order":0,"comment_status":"closed","ping_status":"closed","template":"","meta":{"footnotes":""},"class_list":["post-3960","page","type-page","status-publish","hentry"],"yoast_head":"<!-- This site is optimized with the Yoast SEO plugin v20.7 - https:\/\/yoast.com\/wordpress\/plugins\/seo\/ -->\n<title>\u00dcber uns - Boomkwekerijen Gebr.Janssen B.V.<\/title>\n<meta name=\"robots\" content=\"index, follow, max-snippet:-1, max-image-preview:large, max-video-preview:-1\" \/>\n<link rel=\"canonical\" href=\"https:\/\/www.janssen-rootstocks.nl\/de\/ueber-uns\/\" \/>\n<meta property=\"og:locale\" content=\"de_DE\" \/>\n<meta property=\"og:type\" content=\"article\" \/>\n<meta property=\"og:title\" content=\"\u00dcber uns - Boomkwekerijen Gebr.Janssen B.V.\" \/>\n<meta property=\"og:url\" content=\"https:\/\/www.janssen-rootstocks.nl\/de\/ueber-uns\/\" \/>\n<meta property=\"og:site_name\" content=\"Boomkwekerijen Gebr.Janssen B.V.\" \/>\n<meta property=\"article:modified_time\" content=\"2023-05-01T13:27:58+00:00\" \/>\n<meta name=\"twitter:card\" content=\"summary_large_image\" \/>\n<meta name=\"twitter:label1\" content=\"Gesch\u00e4tzte Lesezeit\" \/>\n\t<meta name=\"twitter:data1\" content=\"30\u00a0Minuten\" \/>\n<script type=\"application\/ld+json\" class=\"yoast-schema-graph\">{\"@context\":\"https:\/\/schema.org\",\"@graph\":[{\"@type\":\"WebPage\",\"@id\":\"https:\/\/www.janssen-rootstocks.nl\/de\/ueber-uns\/\",\"url\":\"https:\/\/www.janssen-rootstocks.nl\/de\/ueber-uns\/\",\"name\":\"\u00dcber uns - Boomkwekerijen Gebr.Janssen B.V.\",\"isPartOf\":{\"@id\":\"https:\/\/www.janssen-rootstocks.nl\/de\/#website\"},\"datePublished\":\"2023-01-16T14:39:54+00:00\",\"dateModified\":\"2023-05-01T13:27:58+00:00\",\"breadcrumb\":{\"@id\":\"https:\/\/www.janssen-rootstocks.nl\/de\/ueber-uns\/#breadcrumb\"},\"inLanguage\":\"de\",\"potentialAction\":[{\"@type\":\"ReadAction\",\"target\":[\"https:\/\/www.janssen-rootstocks.nl\/de\/ueber-uns\/\"]}]},{\"@type\":\"BreadcrumbList\",\"@id\":\"https:\/\/www.janssen-rootstocks.nl\/de\/ueber-uns\/#breadcrumb\",\"itemListElement\":[{\"@type\":\"ListItem\",\"position\":1,\"name\":\"Home\",\"item\":\"https:\/\/www.janssen-rootstocks.nl\/de\/homepage\/\"},{\"@type\":\"ListItem\",\"position\":2,\"name\":\"\u00dcber uns\"}]},{\"@type\":\"WebSite\",\"@id\":\"https:\/\/www.janssen-rootstocks.nl\/de\/#website\",\"url\":\"https:\/\/www.janssen-rootstocks.nl\/de\/\",\"name\":\"Boomkwekerijen Gebr.Janssen B.V.\",\"description\":\"\",\"potentialAction\":[{\"@type\":\"SearchAction\",\"target\":{\"@type\":\"EntryPoint\",\"urlTemplate\":\"https:\/\/www.janssen-rootstocks.nl\/de\/?s={search_term_string}\"},\"query-input\":\"required name=search_term_string\"}],\"inLanguage\":\"de\"}]}<\/script>\n<!-- \/ Yoast SEO plugin. -->","yoast_head_json":{"title":"\u00dcber uns - Boomkwekerijen Gebr.Janssen B.V.","robots":{"index":"index","follow":"follow","max-snippet":"max-snippet:-1","max-image-preview":"max-image-preview:large","max-video-preview":"max-video-preview:-1"},"canonical":"https:\/\/www.janssen-rootstocks.nl\/de\/ueber-uns\/","og_locale":"de_DE","og_type":"article","og_title":"\u00dcber uns - Boomkwekerijen Gebr.Janssen B.V.","og_url":"https:\/\/www.janssen-rootstocks.nl\/de\/ueber-uns\/","og_site_name":"Boomkwekerijen Gebr.Janssen B.V.","article_modified_time":"2023-05-01T13:27:58+00:00","twitter_card":"summary_large_image","twitter_misc":{"Gesch\u00e4tzte Lesezeit":"30\u00a0Minuten"},"schema":{"@context":"https:\/\/schema.org","@graph":[{"@type":"WebPage","@id":"https:\/\/www.janssen-rootstocks.nl\/de\/ueber-uns\/","url":"https:\/\/www.janssen-rootstocks.nl\/de\/ueber-uns\/","name":"\u00dcber uns - Boomkwekerijen Gebr.Janssen B.V.","isPartOf":{"@id":"https:\/\/www.janssen-rootstocks.nl\/de\/#website"},"datePublished":"2023-01-16T14:39:54+00:00","dateModified":"2023-05-01T13:27:58+00:00","breadcrumb":{"@id":"https:\/\/www.janssen-rootstocks.nl\/de\/ueber-uns\/#breadcrumb"},"inLanguage":"de","potentialAction":[{"@type":"ReadAction","target":["https:\/\/www.janssen-rootstocks.nl\/de\/ueber-uns\/"]}]},{"@type":"BreadcrumbList","@id":"https:\/\/www.janssen-rootstocks.nl\/de\/ueber-uns\/#breadcrumb","itemListElement":[{"@type":"ListItem","position":1,"name":"Home","item":"https:\/\/www.janssen-rootstocks.nl\/de\/homepage\/"},{"@type":"ListItem","position":2,"name":"\u00dcber uns"}]},{"@type":"WebSite","@id":"https:\/\/www.janssen-rootstocks.nl\/de\/#website","url":"https:\/\/www.janssen-rootstocks.nl\/de\/","name":"Boomkwekerijen Gebr.Janssen B.V.","description":"","potentialAction":[{"@type":"SearchAction","target":{"@type":"EntryPoint","urlTemplate":"https:\/\/www.janssen-rootstocks.nl\/de\/?s={search_term_string}"},"query-input":"required name=search_term_string"}],"inLanguage":"de"}]}},"_links":{"self":[{"href":"https:\/\/www.janssen-rootstocks.nl\/de\/wp-json\/wp\/v2\/pages\/3960","targetHints":{"allow":["GET"]}}],"collection":[{"href":"https:\/\/www.janssen-rootstocks.nl\/de\/wp-json\/wp\/v2\/pages"}],"about":[{"href":"https:\/\/www.janssen-rootstocks.nl\/de\/wp-json\/wp\/v2\/types\/page"}],"author":[{"embeddable":true,"href":"https:\/\/www.janssen-rootstocks.nl\/de\/wp-json\/wp\/v2\/users\/1"}],"replies":[{"embeddable":true,"href":"https:\/\/www.janssen-rootstocks.nl\/de\/wp-json\/wp\/v2\/comments?post=3960"}],"version-history":[{"count":5,"href":"https:\/\/www.janssen-rootstocks.nl\/de\/wp-json\/wp\/v2\/pages\/3960\/revisions"}],"predecessor-version":[{"id":4023,"href":"https:\/\/www.janssen-rootstocks.nl\/de\/wp-json\/wp\/v2\/pages\/3960\/revisions\/4023"}],"wp:attachment":[{"href":"https:\/\/www.janssen-rootstocks.nl\/de\/wp-json\/wp\/v2\/media?parent=3960"}],"curies":[{"name":"wp","href":"https:\/\/api.w.org\/{rel}","templated":true}]}}