{"id":3963,"date":"2023-01-16T14:39:54","date_gmt":"2023-01-16T14:39:54","guid":{"rendered":"https:\/\/www.janssen-rootstocks.nl\/?page_id=3963"},"modified":"2023-05-03T14:35:06","modified_gmt":"2023-05-03T14:35:06","slug":"sobre-nosotros","status":"publish","type":"page","link":"https:\/\/www.janssen-rootstocks.nl\/es\/sobre-nosotros\/","title":{"rendered":"Sobre nosotros"},"content":{"rendered":"<div id='layer_slider_1'  class='avia-layerslider main_color avia-shadow  avia-builder-el-0  el_before_av_section  avia-builder-el-first  container_wrap sidebar_right'  style='height: 799px;'  ><\/div>\n<div id='av_section_1'  class='avia-section av-fxrxr7-7eed158cd73d191e949405a9d6ddd0ed main_color avia-section-default avia-no-border-styling  avia-builder-el-1  el_after_av_layerslider  avia-builder-el-last  ambmaincontent overons avia-bg-style-scroll container_wrap sidebar_right'  ><div class='container av-section-cont-open' ><div class='template-page content  av-content-small alpha units'><div class='post-entry post-entry-type-page post-entry-3963'><div class='entry-content-wrapper clearfix'>\n\n<style type=\"text\/css\" data-created_by=\"avia_inline_auto\" id=\"style-css-av-el3bmb-b569398aa3e0dea1ca9b63a1863068dd\">\n#top .av-special-heading.av-el3bmb-b569398aa3e0dea1ca9b63a1863068dd{\npadding-bottom:10px;\n}\nbody .av-special-heading.av-el3bmb-b569398aa3e0dea1ca9b63a1863068dd .av-special-heading-tag .heading-char{\nfont-size:25px;\n}\n.av-special-heading.av-el3bmb-b569398aa3e0dea1ca9b63a1863068dd .av-subheading{\nfont-size:15px;\n}\n<\/style>\n<div  class='av-special-heading av-el3bmb-b569398aa3e0dea1ca9b63a1863068dd av-special-heading-h1 blockquote modern-quote  avia-builder-el-2  el_before_av_one_full  avia-builder-el-first  ambtitlewhite'><h1 class='av-special-heading-tag'  itemprop=\"headline\"  >Somos una empresa familiar desde hace 100 a\u00f1os<\/h1><div class=\"special-heading-border\"><div class=\"special-heading-inner-border\"><\/div><\/div><\/div>\n<div class='flex_column av-69xv03-39b20b2cc33190ddb7969ba6bf5a9391 av_one_full  avia-builder-el-3  el_after_av_heading  el_before_av_hr  first flex_column_div '     ><\/div>\n<style type=\"text\/css\" data-created_by=\"avia_inline_auto\" id=\"style-css-av-ld37tsf9-173b60ad3469c7579d532647697c231f\">\n#top .hr.hr-invisible.av-ld37tsf9-173b60ad3469c7579d532647697c231f{\nheight:20px;\n}\n<\/style>\n<div  class='hr av-ld37tsf9-173b60ad3469c7579d532647697c231f hr-invisible  avia-builder-el-5  el_after_av_one_full  el_before_av_textblock '><span class='hr-inner '><span class=\"hr-inner-style\"><\/span><\/span><\/div>\n<section  class='av_textblock_section av-2oaib7-ba7126fc1280d398fbec7aceca9d1ab1'  itemscope=\"itemscope\" itemtype=\"https:\/\/schema.org\/CreativeWork\" ><div class='avia_textblock'  itemprop=\"text\" ><p>Desde su fundaci\u00f3n en 1923, Gebr. Janssen B.V. ha crecido hasta convertirse en un reconocido vivero con 100 a\u00f1os de existencia. La primera generaci\u00f3n de Janssen ha construido una empresa con futuro.<\/p>\n<p>La segunda generaci\u00f3n de Janssen se ha dedicado por completo al cultivo de portainjertos de \u00e1rboles frutales y, desde 1976, esta es la especialidad de la empresa. Esta generaci\u00f3n tambi\u00e9n se ha encargado de que los portainjertos se exporten tanto dentro como fuera de Europa.<\/p>\n<p>La generaci\u00f3n actual de Janssen invierte mucha energ\u00eda en el desarrollo de innovaciones, en la investigaci\u00f3n de la propagaci\u00f3n \u00f3ptima de nuevos portainjertos de \u00e1rboles frutales de alta calidad, as\u00ed como en la obtenci\u00f3n de derechos de licencia. Esto implica la cooperaci\u00f3n con terceros, tanto dentro como fuera de Europa.<\/p>\n<\/div><\/section>\n<div class='flex_column av-2jhyw3-87291d5c310e849328a11bd011692c0d av_one_fourth  avia-builder-el-7  el_after_av_textblock  el_before_av_three_fourth  first flex_column_div column-top-margin'     ><style type=\"text\/css\" data-created_by=\"avia_inline_auto\" id=\"style-css-av-ld3804dj-3036e1c02e8ba0bbec542f9e79763a56\">\n.avia-image-container.av-ld3804dj-3036e1c02e8ba0bbec542f9e79763a56 img.avia_image{\nbox-shadow:none;\n}\n.avia-image-container.av-ld3804dj-3036e1c02e8ba0bbec542f9e79763a56 .av-image-caption-overlay-center{\ncolor:#ffffff;\n}\n<\/style>\n<div  class='avia-image-container av-ld3804dj-3036e1c02e8ba0bbec542f9e79763a56 av-styling- avia-align-center  avia-builder-el-8  avia-builder-el-no-sibling '   itemprop=\"image\" itemscope=\"itemscope\" itemtype=\"https:\/\/schema.org\/ImageObject\" ><div class=\"avia-image-container-inner\"><div class=\"avia-image-overlay-wrap\"><img decoding=\"async\" class='wp-image-3566 avia-img-lazy-loading-not-3566 avia_image ' src=\"https:\/\/www.janssen-rootstocks.nl\/wp-content\/uploads\/2023\/01\/ooicon1.png\" alt='' title='ooicon1'  height=\"197\" width=\"198\"  itemprop=\"thumbnailUrl\" srcset=\"https:\/\/www.janssen-rootstocks.nl\/wp-content\/uploads\/2023\/01\/ooicon1.png 198w, https:\/\/www.janssen-rootstocks.nl\/wp-content\/uploads\/2023\/01\/ooicon1-80x80.png 80w, https:\/\/www.janssen-rootstocks.nl\/wp-content\/uploads\/2023\/01\/ooicon1-36x36.png 36w, https:\/\/www.janssen-rootstocks.nl\/wp-content\/uploads\/2023\/01\/ooicon1-180x180.png 180w\" sizes=\"(max-width: 198px) 100vw, 198px\" \/><\/div><\/div><\/div><\/div><div class='flex_column av-4ty2qr-94029ea850e01b9486dd81315b45f2c7 av_three_fourth  avia-builder-el-9  el_after_av_one_fourth  el_before_av_one_fourth  flex_column_div column-top-margin'     ><section  class='av_textblock_section av-ld37wz3l-8e99a1dece9296c45c7134bc2e58d268'  itemscope=\"itemscope\" itemtype=\"https:\/\/schema.org\/CreativeWork\" ><div class='avia_textblock ambpno'  itemprop=\"text\" ><p><strong>BIEN ENRAIZADOS EN SUELO F\u00c9RTIL<br \/>\n<\/strong>La elecci\u00f3n de especializarnos en portainjertos de \u00e1rboles frutales no fue casual. Los viveros de la empresa se encuentran en el sureste de los Pa\u00edses Bajos. Esta es una zona que, gracias a siglos de compostaje natural, tiene una estructura de suelo que constituye una base ideal para un excelente crecimiento y un perfecto enraizamiento de los portainjertos. Una buena base para un resultado fruct\u00edfero.<\/p>\n<\/div><\/section><\/div><div class='flex_column av-8xcser-fbba2e62a29de0fc2f8279c374d2f31b av_one_fourth  avia-builder-el-11  el_after_av_three_fourth  el_before_av_three_fourth  first flex_column_div column-top-margin'     ><style type=\"text\/css\" data-created_by=\"avia_inline_auto\" id=\"style-css-av-ld388mki-bba4bfb3e9e3580dba0eb9e17206502c\">\n.avia-image-container.av-ld388mki-bba4bfb3e9e3580dba0eb9e17206502c img.avia_image{\nbox-shadow:none;\n}\n.avia-image-container.av-ld388mki-bba4bfb3e9e3580dba0eb9e17206502c .av-image-caption-overlay-center{\ncolor:#ffffff;\n}\n<\/style>\n<div  class='avia-image-container av-ld388mki-bba4bfb3e9e3580dba0eb9e17206502c av-styling- avia-align-center  avia-builder-el-12  avia-builder-el-no-sibling '   itemprop=\"image\" itemscope=\"itemscope\" itemtype=\"https:\/\/schema.org\/ImageObject\" ><div class=\"avia-image-container-inner\"><div class=\"avia-image-overlay-wrap\"><img decoding=\"async\" class='wp-image-3570 avia-img-lazy-loading-not-3570 avia_image ' src=\"https:\/\/www.janssen-rootstocks.nl\/wp-content\/uploads\/2023\/01\/ooicon2.png\" alt='' title='ooicon2'  height=\"198\" width=\"198\"  itemprop=\"thumbnailUrl\" srcset=\"https:\/\/www.janssen-rootstocks.nl\/wp-content\/uploads\/2023\/01\/ooicon2.png 198w, https:\/\/www.janssen-rootstocks.nl\/wp-content\/uploads\/2023\/01\/ooicon2-80x80.png 80w, https:\/\/www.janssen-rootstocks.nl\/wp-content\/uploads\/2023\/01\/ooicon2-36x36.png 36w, https:\/\/www.janssen-rootstocks.nl\/wp-content\/uploads\/2023\/01\/ooicon2-180x180.png 180w\" sizes=\"(max-width: 198px) 100vw, 198px\" \/><\/div><\/div><\/div><\/div><div class='flex_column av-agebab-8db447f435f839cd7acbf0a2318dd458 av_three_fourth  avia-builder-el-13  el_after_av_one_fourth  el_before_av_one_fourth  flex_column_div column-top-margin'     ><section  class='av_textblock_section av-ld3875u7-37b6300295f9ecf389666c9b532154a0'  itemscope=\"itemscope\" itemtype=\"https:\/\/schema.org\/CreativeWork\" ><div class='avia_textblock ambpno'  itemprop=\"text\" ><p><strong>CON LAS T\u00c9CNICAS M\u00c1S MODERNAS<br \/>\n<\/strong>En la empresa trabaja un equipo de empleados cualificados. Este equipo mantiene y cuida las plantas madre para que los portainjertos puedan crecer de una manera \u00f3ptima. Tambi\u00e9n se ocupan de la arrancar, la clasificaci\u00f3n, el lavado de raises, el envasado y el env\u00edo. Todo esto se hace con maquinaria moderna y con las t\u00e9cnicas m\u00e1s avanzadas. La m\u00e1quina clasificadora controlada por ordenador puede clasificar con una precisi\u00f3n de 0,1 mm. Esto permite a Gebr. Janssen suministrar lotes uniformes.<\/p>\n<\/div><\/section><\/div><div class='flex_column av-5mw66b-292bfd6d8ef71319d124627561884d55 av_one_fourth  avia-builder-el-15  el_after_av_three_fourth  el_before_av_three_fourth  first flex_column_div column-top-margin'     ><style type=\"text\/css\" data-created_by=\"avia_inline_auto\" id=\"style-css-av-ld3890pb-2942922ddaa63b31bae23161afb87ebe\">\n.avia-image-container.av-ld3890pb-2942922ddaa63b31bae23161afb87ebe img.avia_image{\nbox-shadow:none;\n}\n.avia-image-container.av-ld3890pb-2942922ddaa63b31bae23161afb87ebe .av-image-caption-overlay-center{\ncolor:#ffffff;\n}\n<\/style>\n<div  class='avia-image-container av-ld3890pb-2942922ddaa63b31bae23161afb87ebe av-styling- avia-align-center  avia-builder-el-16  avia-builder-el-no-sibling '   itemprop=\"image\" itemscope=\"itemscope\" itemtype=\"https:\/\/schema.org\/ImageObject\" ><div class=\"avia-image-container-inner\"><div class=\"avia-image-overlay-wrap\"><img decoding=\"async\" class='wp-image-3574 avia-img-lazy-loading-not-3574 avia_image ' src=\"https:\/\/www.janssen-rootstocks.nl\/wp-content\/uploads\/2023\/01\/ooicon3.png\" alt='' title='ooicon3'  height=\"196\" width=\"198\"  itemprop=\"thumbnailUrl\" srcset=\"https:\/\/www.janssen-rootstocks.nl\/wp-content\/uploads\/2023\/01\/ooicon3.png 198w, https:\/\/www.janssen-rootstocks.nl\/wp-content\/uploads\/2023\/01\/ooicon3-80x80.png 80w, https:\/\/www.janssen-rootstocks.nl\/wp-content\/uploads\/2023\/01\/ooicon3-36x36.png 36w\" sizes=\"(max-width: 198px) 100vw, 198px\" \/><\/div><\/div><\/div><\/div><div class='flex_column av-2xydf-7ff4f3b5918931fd6f0792d7eb107eaf av_three_fourth  avia-builder-el-17  el_after_av_one_fourth  el_before_av_one_fourth  flex_column_div column-top-margin'     ><section  class='av_textblock_section av-ld387tz0-b388accc1c2ceefbf25e405a290bd80d'  itemscope=\"itemscope\" itemtype=\"https:\/\/schema.org\/CreativeWork\" ><div class='avia_textblock ambpno'  itemprop=\"text\" ><p><strong>TRABAJO A MEDIDA EN TODO EL MUNDO<\/strong><br \/>\nLos portainjertos de Gebr. Janssen llegan a viveros de \u00e1rboles frutales de todo el mundo. Al hacerlo tenemos en cuenta la diferencia de las estaciones. Las c\u00e1maras frigor\u00edficas con un control clim\u00e1tico preciso garantizan que, a principios o finales de la temporada, la empresa pueda suministrar una alta calidad.<\/p>\n<\/div><\/section><\/div><div class='flex_column av-2x5v83-e38fecb8553a0c89755715f27bc2d350 av_one_fourth  avia-builder-el-19  el_after_av_three_fourth  el_before_av_three_fourth  first flex_column_div column-top-margin'     ><style type=\"text\/css\" data-created_by=\"avia_inline_auto\" id=\"style-css-av-ld3899g6-6da2731f3b2c958221a08fe93171fad6\">\n.avia-image-container.av-ld3899g6-6da2731f3b2c958221a08fe93171fad6 img.avia_image{\nbox-shadow:none;\n}\n.avia-image-container.av-ld3899g6-6da2731f3b2c958221a08fe93171fad6 .av-image-caption-overlay-center{\ncolor:#ffffff;\n}\n<\/style>\n<div  class='avia-image-container av-ld3899g6-6da2731f3b2c958221a08fe93171fad6 av-styling- avia-align-center  avia-builder-el-20  avia-builder-el-no-sibling '   itemprop=\"image\" itemscope=\"itemscope\" itemtype=\"https:\/\/schema.org\/ImageObject\" ><div class=\"avia-image-container-inner\"><div class=\"avia-image-overlay-wrap\"><img decoding=\"async\" class='wp-image-3578 avia-img-lazy-loading-not-3578 avia_image ' src=\"https:\/\/www.janssen-rootstocks.nl\/wp-content\/uploads\/2023\/01\/ooicon4.png\" alt='' title='ooicon4'  height=\"198\" width=\"198\"  itemprop=\"thumbnailUrl\" srcset=\"https:\/\/www.janssen-rootstocks.nl\/wp-content\/uploads\/2023\/01\/ooicon4.png 198w, https:\/\/www.janssen-rootstocks.nl\/wp-content\/uploads\/2023\/01\/ooicon4-80x80.png 80w, https:\/\/www.janssen-rootstocks.nl\/wp-content\/uploads\/2023\/01\/ooicon4-36x36.png 36w, https:\/\/www.janssen-rootstocks.nl\/wp-content\/uploads\/2023\/01\/ooicon4-180x180.png 180w\" sizes=\"(max-width: 198px) 100vw, 198px\" \/><\/div><\/div><\/div><\/div><div class='flex_column av-4oilpf-4d2047cbb24ed3a7ef8d571f4fb7f14b av_three_fourth  avia-builder-el-21  el_after_av_one_fourth  avia-builder-el-last  flex_column_div column-top-margin'     ><section  class='av_textblock_section av-ld3888r2-50c2c61a1ba1bd5e3780b18de3d11fd6'  itemscope=\"itemscope\" itemtype=\"https:\/\/schema.org\/CreativeWork\" ><div class='avia_textblock ambpno'  itemprop=\"text\" ><p><strong>CALIDAD CONSTANTE<\/strong><br \/>\nPara garantizar que los portainjertos est\u00e9n en las mismas buenas condiciones en el momento de su llegada, la empresa utiliza las t\u00e9cnicas de embalaje m\u00e1s cuidadosas. El m\u00e9todo de embalaje depende del transporte y de los requisitos de cada pa\u00eds. Independientemente de que se trate de env\u00edos grandes o peque\u00f1os, Gebr. Janssen no deja nada al azar.<\/p>\n<\/div><\/section><\/div><\/div><\/div><\/div><!-- close content main div --><\/div><\/div><div id='after_section_1'  class='main_color av_default_container_wrap container_wrap sidebar_right'  ><div class='container av-section-cont-open' ><div class='template-page content  av-content-small alpha units'><div class='post-entry post-entry-type-page post-entry-3963'><div class='entry-content-wrapper clearfix'>\n","protected":false},"excerpt":{"rendered":"","protected":false},"author":1,"featured_media":0,"parent":0,"menu_order":0,"comment_status":"closed","ping_status":"closed","template":"","meta":{"footnotes":""},"class_list":["post-3963","page","type-page","status-publish","hentry"],"yoast_head":"<!-- This site is optimized with the Yoast SEO plugin v20.7 - https:\/\/yoast.com\/wordpress\/plugins\/seo\/ -->\n<title>Sobre nosotros - Boomkwekerijen Gebr.Janssen B.V.<\/title>\n<meta name=\"robots\" content=\"index, follow, max-snippet:-1, max-image-preview:large, max-video-preview:-1\" \/>\n<link rel=\"canonical\" href=\"https:\/\/www.janssen-rootstocks.nl\/es\/sobre-nosotros\/\" \/>\n<meta property=\"og:locale\" content=\"es_ES\" \/>\n<meta property=\"og:type\" content=\"article\" \/>\n<meta property=\"og:title\" content=\"Sobre nosotros - Boomkwekerijen Gebr.Janssen B.V.\" \/>\n<meta property=\"og:url\" content=\"https:\/\/www.janssen-rootstocks.nl\/es\/sobre-nosotros\/\" \/>\n<meta property=\"og:site_name\" content=\"Boomkwekerijen Gebr.Janssen B.V.\" \/>\n<meta property=\"article:modified_time\" content=\"2023-05-03T14:35:06+00:00\" \/>\n<meta name=\"twitter:card\" content=\"summary_large_image\" \/>\n<meta name=\"twitter:label1\" content=\"Tiempo de lectura\" \/>\n\t<meta name=\"twitter:data1\" content=\"31 minutos\" \/>\n<script type=\"application\/ld+json\" class=\"yoast-schema-graph\">{\"@context\":\"https:\/\/schema.org\",\"@graph\":[{\"@type\":\"WebPage\",\"@id\":\"https:\/\/www.janssen-rootstocks.nl\/es\/sobre-nosotros\/\",\"url\":\"https:\/\/www.janssen-rootstocks.nl\/es\/sobre-nosotros\/\",\"name\":\"Sobre nosotros - Boomkwekerijen Gebr.Janssen B.V.\",\"isPartOf\":{\"@id\":\"https:\/\/www.janssen-rootstocks.nl\/es\/#website\"},\"datePublished\":\"2023-01-16T14:39:54+00:00\",\"dateModified\":\"2023-05-03T14:35:06+00:00\",\"breadcrumb\":{\"@id\":\"https:\/\/www.janssen-rootstocks.nl\/es\/sobre-nosotros\/#breadcrumb\"},\"inLanguage\":\"es\",\"potentialAction\":[{\"@type\":\"ReadAction\",\"target\":[\"https:\/\/www.janssen-rootstocks.nl\/es\/sobre-nosotros\/\"]}]},{\"@type\":\"BreadcrumbList\",\"@id\":\"https:\/\/www.janssen-rootstocks.nl\/es\/sobre-nosotros\/#breadcrumb\",\"itemListElement\":[{\"@type\":\"ListItem\",\"position\":1,\"name\":\"Home\",\"item\":\"https:\/\/www.janssen-rootstocks.nl\/es\/homepage\/\"},{\"@type\":\"ListItem\",\"position\":2,\"name\":\"Sobre nosotros\"}]},{\"@type\":\"WebSite\",\"@id\":\"https:\/\/www.janssen-rootstocks.nl\/es\/#website\",\"url\":\"https:\/\/www.janssen-rootstocks.nl\/es\/\",\"name\":\"Boomkwekerijen Gebr.Janssen B.V.\",\"description\":\"\",\"potentialAction\":[{\"@type\":\"SearchAction\",\"target\":{\"@type\":\"EntryPoint\",\"urlTemplate\":\"https:\/\/www.janssen-rootstocks.nl\/es\/?s={search_term_string}\"},\"query-input\":\"required name=search_term_string\"}],\"inLanguage\":\"es\"}]}<\/script>\n<!-- \/ Yoast SEO plugin. -->","yoast_head_json":{"title":"Sobre nosotros - Boomkwekerijen Gebr.Janssen B.V.","robots":{"index":"index","follow":"follow","max-snippet":"max-snippet:-1","max-image-preview":"max-image-preview:large","max-video-preview":"max-video-preview:-1"},"canonical":"https:\/\/www.janssen-rootstocks.nl\/es\/sobre-nosotros\/","og_locale":"es_ES","og_type":"article","og_title":"Sobre nosotros - Boomkwekerijen Gebr.Janssen B.V.","og_url":"https:\/\/www.janssen-rootstocks.nl\/es\/sobre-nosotros\/","og_site_name":"Boomkwekerijen Gebr.Janssen B.V.","article_modified_time":"2023-05-03T14:35:06+00:00","twitter_card":"summary_large_image","twitter_misc":{"Tiempo de lectura":"31 minutos"},"schema":{"@context":"https:\/\/schema.org","@graph":[{"@type":"WebPage","@id":"https:\/\/www.janssen-rootstocks.nl\/es\/sobre-nosotros\/","url":"https:\/\/www.janssen-rootstocks.nl\/es\/sobre-nosotros\/","name":"Sobre nosotros - Boomkwekerijen Gebr.Janssen B.V.","isPartOf":{"@id":"https:\/\/www.janssen-rootstocks.nl\/es\/#website"},"datePublished":"2023-01-16T14:39:54+00:00","dateModified":"2023-05-03T14:35:06+00:00","breadcrumb":{"@id":"https:\/\/www.janssen-rootstocks.nl\/es\/sobre-nosotros\/#breadcrumb"},"inLanguage":"es","potentialAction":[{"@type":"ReadAction","target":["https:\/\/www.janssen-rootstocks.nl\/es\/sobre-nosotros\/"]}]},{"@type":"BreadcrumbList","@id":"https:\/\/www.janssen-rootstocks.nl\/es\/sobre-nosotros\/#breadcrumb","itemListElement":[{"@type":"ListItem","position":1,"name":"Home","item":"https:\/\/www.janssen-rootstocks.nl\/es\/homepage\/"},{"@type":"ListItem","position":2,"name":"Sobre nosotros"}]},{"@type":"WebSite","@id":"https:\/\/www.janssen-rootstocks.nl\/es\/#website","url":"https:\/\/www.janssen-rootstocks.nl\/es\/","name":"Boomkwekerijen Gebr.Janssen B.V.","description":"","potentialAction":[{"@type":"SearchAction","target":{"@type":"EntryPoint","urlTemplate":"https:\/\/www.janssen-rootstocks.nl\/es\/?s={search_term_string}"},"query-input":"required name=search_term_string"}],"inLanguage":"es"}]}},"_links":{"self":[{"href":"https:\/\/www.janssen-rootstocks.nl\/es\/wp-json\/wp\/v2\/pages\/3963","targetHints":{"allow":["GET"]}}],"collection":[{"href":"https:\/\/www.janssen-rootstocks.nl\/es\/wp-json\/wp\/v2\/pages"}],"about":[{"href":"https:\/\/www.janssen-rootstocks.nl\/es\/wp-json\/wp\/v2\/types\/page"}],"author":[{"embeddable":true,"href":"https:\/\/www.janssen-rootstocks.nl\/es\/wp-json\/wp\/v2\/users\/1"}],"replies":[{"embeddable":true,"href":"https:\/\/www.janssen-rootstocks.nl\/es\/wp-json\/wp\/v2\/comments?post=3963"}],"version-history":[{"count":8,"href":"https:\/\/www.janssen-rootstocks.nl\/es\/wp-json\/wp\/v2\/pages\/3963\/revisions"}],"predecessor-version":[{"id":4039,"href":"https:\/\/www.janssen-rootstocks.nl\/es\/wp-json\/wp\/v2\/pages\/3963\/revisions\/4039"}],"wp:attachment":[{"href":"https:\/\/www.janssen-rootstocks.nl\/es\/wp-json\/wp\/v2\/media?parent=3963"}],"curies":[{"name":"wp","href":"https:\/\/api.w.org\/{rel}","templated":true}]}}